{"id":5,"date":"2012-05-06T14:33:45","date_gmt":"2012-05-06T14:33:45","guid":{"rendered":"http:\/\/www.cesde.com.br\/curso\/?page_id=5"},"modified":"2012-06-01T01:00:11","modified_gmt":"2012-06-01T01:00:11","slug":"sobre-nos","status":"publish","type":"page","link":"https:\/\/www.cesde.com.br\/curso\/sobre-nos\/","title":{"rendered":"Sobre N\u00f3s"},"content":{"rendered":"<p>Seja bem-vindo(a) ao <strong>CESDE<\/strong>, Centro de Estudos e Desenvolvimento Educacional.<\/p>\n<p>Atuamos pelo per\u00edodo entre 1999 e 2007 ministrando cursos presenciais em Sa\u00fade Mental e Educa\u00e7\u00e3o na cidade de Belo Horizonte com o nome fantasia <strong>CEFAP<\/strong>. Neste per\u00edodo tivemos ao todo um pouco mais de 2.000 inscri\u00e7\u00f5es em nossos cursos e eventos. Tivemos cursos de Forma\u00e7\u00e3o em Terapia Cognitiva, Especializa\u00e7\u00e3o em Psico-oncologia, Psicopedagogia (p\u00f3s gradua\u00e7\u00e3o), Avalia\u00e7\u00e3o e Reabilita\u00e7\u00e3o Neuropsicol\u00f3gica dentre outros. Dos eventos podemos destacar as 5 Jornadas Cient\u00edficas de Psico-oncologia e os 4 Encontros Mineiros de Terapia Cognitiva.<\/p>\n<p>Reiniciamos nossas atividades em 2012 com uma nova marca: <strong>CESDE<\/strong> &#8211; Centro de Estudos e Desenvolvimento Educacional.\u00a0 Retomamos nossas parcerias com importantes centros de forma\u00e7\u00e3o e pesquisa do Brasil para oferecermos novamente cursos com a mesma qualidade. Sempre tivemos a qualidade como nossa principal preocupa\u00e7\u00e3o e por isso selecionamos os melhores profissionais com experi\u00eancia profissional, cient\u00edfica e pedag\u00f3gica al\u00e9m de titula\u00e7\u00e3o compat\u00edvel.<\/p>\n<p>Nessa retomada estaremos oferecendo em breve aos nossos alunos cursos \u00e0 dist\u00e2ncia e semipresenciais. A Educa\u00e7\u00e3o a Dist\u00e2ncia \u00e9 uma realidade na qualifica\u00e7\u00e3o profissional e devemos fazer bom uso dela. Ofereceremos tamb\u00e9m \u00e0s empresas e institui\u00e7\u00f5es de ensino suporte para treinamento de funcion\u00e1rios nas modalidades presencial e a dist\u00e2ncia al\u00e9m de servi\u00e7os de Design instrucional, Webdesign, programa\u00e7ao dentre outros.<\/p>\n<p>Bons cursos a tod@s!<\/p>\n<p>&nbsp;<\/p>\n","protected":false},"excerpt":{"rendered":"<p>Seja bem-vindo(a) ao CESDE, Centro de Estudos e Desenvolvimento Educacional. Atuamos pelo per\u00edodo entre 1999 e 2007 ministrando cursos presenciais em Sa\u00fade Mental e Educa\u00e7\u00e3o na cidade de Belo Horizonte com o nome fantasia CEFAP. Neste per\u00edodo tivemos ao todo um pouco mais de 2.000 inscri\u00e7\u00f5es em nossos cursos e eventos. Tivemos cursos de Forma\u00e7\u00e3o [&hellip;]<\/p>\n","protected":false},"author":1,"featured_media":0,"parent":0,"menu_order":0,"comment_status":"open","ping_status":"open","template":"","meta":{"footnotes":""},"class_list":["post-5","page","type-page","status-publish","hentry"],"aioseo_notices":[],"_links":{"self":[{"href":"https:\/\/www.cesde.com.br\/curso\/wp-json\/wp\/v2\/pages\/5","targetHints":{"allow":["GET"]}}],"collection":[{"href":"https:\/\/www.cesde.com.br\/curso\/wp-json\/wp\/v2\/pages"}],"about":[{"href":"https:\/\/www.cesde.com.br\/curso\/wp-json\/wp\/v2\/types\/page"}],"author":[{"embeddable":true,"href":"https:\/\/www.cesde.com.br\/curso\/wp-json\/wp\/v2\/users\/1"}],"replies":[{"embeddable":true,"href":"https:\/\/www.cesde.com.br\/curso\/wp-json\/wp\/v2\/comments?post=5"}],"version-history":[{"count":6,"href":"https:\/\/www.cesde.com.br\/curso\/wp-json\/wp\/v2\/pages\/5\/revisions"}],"predecessor-version":[{"id":65,"href":"https:\/\/www.cesde.com.br\/curso\/wp-json\/wp\/v2\/pages\/5\/revisions\/65"}],"wp:attachment":[{"href":"https:\/\/www.cesde.com.br\/curso\/wp-json\/wp\/v2\/media?parent=5"}],"curies":[{"name":"wp","href":"https:\/\/api.w.org\/{rel}","templated":true}]}}